{"id":4960,"date":"2024-04-24T13:40:17","date_gmt":"2024-04-24T11:40:17","guid":{"rendered":"https:\/\/www-test.cross4channel.de\/?page_id=4960"},"modified":"2025-03-31T14:27:13","modified_gmt":"2025-03-31T12:27:13","slug":"impressum","status":"publish","type":"page","link":"https:\/\/www.crossinvestics.de\/en\/impressum\/","title":{"rendered":"Legal notice"},"content":{"rendered":"<div data-elementor-type=\"wp-page\" data-elementor-id=\"4960\" class=\"elementor elementor-4960\" data-elementor-post-type=\"page\">\n\t\t\t\t<div class=\"elementor-element elementor-element-2f9f9eb e-flex e-con-boxed e-con e-parent\" data-id=\"2f9f9eb\" data-element_type=\"container\">\n\t\t\t\t\t<div class=\"e-con-inner\">\n\t\t\t\t<div class=\"elementor-element elementor-element-8e154f7 elementor-widget elementor-widget-text-editor\" data-id=\"8e154f7\" data-element_type=\"widget\" data-widget_type=\"text-editor.default\">\n\t\t\t\t<div class=\"elementor-widget-container\">\n\t\t\t<style>\/*! elementor - v3.22.0 - 17-06-2024 *\/\n.elementor-widget-text-editor.elementor-drop-cap-view-stacked .elementor-drop-cap{background-color:#69727d;color:#fff}.elementor-widget-text-editor.elementor-drop-cap-view-framed .elementor-drop-cap{color:#69727d;border:3px solid;background-color:transparent}.elementor-widget-text-editor:not(.elementor-drop-cap-view-default) .elementor-drop-cap{margin-top:8px}.elementor-widget-text-editor:not(.elementor-drop-cap-view-default) .elementor-drop-cap-letter{width:1em;height:1em}.elementor-widget-text-editor .elementor-drop-cap{float:left;text-align:center;line-height:1;font-size:50px}.elementor-widget-text-editor .elementor-drop-cap-letter{display:inline-block}<\/style>\t\t\t\t<h1>Legal notice<\/h1><p>Operator: <br \/>Crossinvestics Holding GmbH &amp; Co.KG<\/p><p>Prinzessinnenstr. 19\/20 <br \/>10969 Berlin<br \/>Germany<\/p><p>Management: Petra D\u00f6kel<br \/>Phone: +49 (0)30 \u2014 746 895 00<br \/>E-mail:\u00a0<a href=\"mailto:info@crossinvestics.de\">info@crossinvestics.com<\/a><\/p><p>Register court: District Court of Berlin Charlottenburg<br \/>Registration number: HRA 60171 B<br \/>VAT identification number according to \u00a7 27a UStG: DE352840065<\/p><p>Personally liable partner:<br \/>Crossinvestics Management Company Ltd.,<br \/>Germaniastrasse 137 12099 Berlin, <br \/>District Court Berlin-Charlottenburg, <br \/>HRB 240827 B, <br \/>Managing Director: Petra D\u00f6kel<\/p><h2>LIABILITY FOR CONTENT<\/h2><p>The contents of our pages have been created with the greatest care. However, we cannot accept any liability for the accuracy, completeness and timeliness of the contents. As service providers, we are liable for own contents of these pages in accordance with Section 7, Paragraph 1 of the German Telemedia Act (TMG). However, according to Sections 8 to 10 of the German Telemedia Act (TMG), service providers are not obligated to monitor submitted or stored information or to search for evidences that indicate illegal activities. Legal obligations to removing information or to blocking the use of information remain unchallenged. In this case, liability is only possible at the time of knowledge about a specific violation of law. If we become aware of such violations of law, we will remove this content immediately.<\/p><h2>LIABILITY FOR LINKS<\/h2><p>Our offer contains links to external third-party websites over whose content we have no influence. We therefore cannot accept any liability for this external content. The respective provider or operator of the pages is always responsible for the content of the linked pages. The linked pages were checked for possible legal violations at the time of linking. Illegal content was not recognizable at the time of linking. However, permanent control of the content of the linked pages is not reasonable without concrete evidence of a legal violation. If we become aware of any legal violations, we will remove such links immediately.<\/p><h2>COPYRIGHT<\/h2><p>The content and works on these pages created by the site operators are subject to German copyright law. Duplication, processing, distribution and any type of exploitation outside the limits of copyright law require the written consent of the respective author or creator. Downloads and copies of this page are only permitted for private, non-commercial use. Insofar as the content on this page was not created by the operator, the copyrights of third parties are observed. In particular, third-party content is marked as such. Should you nevertheless become aware of a copyright infringement, we ask you to notify us accordingly. If we become aware of any infringements, we will remove such content immediately.<\/p><h2>IMAGE SOURCES<\/h2><ul><li>\u00a9 Adobe Stock #733139371<\/li><\/ul><h2>Fonts &amp; Icons used<\/h2><ul><li><span class=\"ui-provider a b c d e f g h i j k l m n o p q r s t u v w x y z ab ac ae af ag ah ai aj ak\" dir=\"ltr\">Flaticon \u2013 Copyright Freepik Company, SL (https:\/\/www.freepikcompany.com\/legal\/)<\/span><\/li><li>Font Awesome Free \u2013 Copyright Fonticons, Inc. (https:\/\/fontawesome.com\/license)<\/li><li><span class=\"ui-provider a b c d e f g h i j k l m n o p q r s t u v w x y z ab ac ae af ag ah ai aj ak\" dir=\"ltr\">Space Grotesk Variable \u2013 Copyright 2020 The Space Grotesk Project Authors (https:\/\/github.com\/floriankarsten\/space-grotesk)<\/span><\/li><\/ul>\t\t\t\t\t\t<\/div>\n\t\t\t\t<\/div>\n\t\t\t\t\t<\/div>\n\t\t\t\t<\/div>\n\t\t\t\t<\/div>","protected":false},"excerpt":{"rendered":"<p>Impressum Betreiber: Crossinvestics Holding GmbH &amp; Co.KG Prinzessinnenstr. 19\/20 10969 BerlinGermany Gesch\u00e4ftsf\u00fchrung: Petra D\u00f6kelTelefon: +49 (0)30 \u2014 746 895 00E\u2011Mail:\u00a0info@crossinvestics.de Registergericht: Amtsgericht Berlin CharlottenburgRegisternummer: HRA 60171 BUmsatzsteuer-Identifikationsnummer gem. \u00a7 27a UStG: DE352840065 Pers\u00f6nlich haftende Gesellschafterin:Crossinvestics Verwaltungsgesellschaft mbH,Germaniastra\u00dfe 137 12099 Berlin, Amtsgericht Berlin &#8211; Charlottenburg, HRB 240827 B, Gesch\u00e4ftsf\u00fchrer: Petra D\u00f6kel HAFTUNG F\u00dcR INHALTE Die Inhalte [&hellip;]<\/p>","protected":false},"author":1,"featured_media":0,"parent":0,"menu_order":0,"comment_status":"closed","ping_status":"closed","template":"","meta":{"footnotes":""},"class_list":["post-4960","page","type-page","status-publish","hentry"],"yoast_head":"<!-- This site is optimized with the Yoast SEO plugin v26.3 - https:\/\/yoast.com\/wordpress\/plugins\/seo\/ -->\n<title>Impressum - Crossinvestics\u00ae GmbH<\/title>\n<meta name=\"robots\" content=\"index, follow, max-snippet:-1, max-image-preview:large, max-video-preview:-1\" \/>\n<link rel=\"canonical\" href=\"https:\/\/www.crossinvestics.de\/en\/impressum\/\" \/>\n<meta property=\"og:locale\" content=\"en_US\" \/>\n<meta property=\"og:type\" content=\"article\" \/>\n<meta property=\"og:title\" content=\"Impressum - Crossinvestics\u00ae GmbH\" \/>\n<meta property=\"og:description\" content=\"Impressum Betreiber: Crossinvestics Holding GmbH &amp; Co.KG Prinzessinnenstr. 19\/20 10969 BerlinGermany Gesch\u00e4ftsf\u00fchrung: Petra D\u00f6kelTelefon: +49 (0)30 \u2014 746 895 00E\u2011Mail:\u00a0info@crossinvestics.de Registergericht: Amtsgericht Berlin CharlottenburgRegisternummer: HRA 60171 BUmsatzsteuer-Identifikationsnummer gem. \u00a7 27a UStG: DE352840065 Pers\u00f6nlich haftende Gesellschafterin:Crossinvestics Verwaltungsgesellschaft mbH,Germaniastra\u00dfe 137 12099 Berlin, Amtsgericht Berlin &#8211; Charlottenburg, HRB 240827 B, Gesch\u00e4ftsf\u00fchrer: Petra D\u00f6kel HAFTUNG F\u00dcR INHALTE Die Inhalte [&hellip;]\" \/>\n<meta property=\"og:url\" content=\"https:\/\/www.crossinvestics.de\/en\/impressum\/\" \/>\n<meta property=\"og:site_name\" content=\"Crossinvestics\u00ae GmbH\" \/>\n<meta property=\"article:modified_time\" content=\"2025-03-31T12:27:13+00:00\" \/>\n<meta name=\"twitter:card\" content=\"summary_large_image\" \/>\n<meta name=\"twitter:label1\" content=\"Est. reading time\" \/>\n\t<meta name=\"twitter:data1\" content=\"3 minutes\" \/>\n<script type=\"application\/ld+json\" class=\"yoast-schema-graph\">{\"@context\":\"https:\/\/schema.org\",\"@graph\":[{\"@type\":\"WebPage\",\"@id\":\"https:\/\/www.crossinvestics.de\/impressum\/\",\"url\":\"https:\/\/www.crossinvestics.de\/impressum\/\",\"name\":\"Impressum - Crossinvestics\u00ae GmbH\",\"isPartOf\":{\"@id\":\"https:\/\/www.crossinvestics.de\/#website\"},\"datePublished\":\"2024-04-24T11:40:17+00:00\",\"dateModified\":\"2025-03-31T12:27:13+00:00\",\"breadcrumb\":{\"@id\":\"https:\/\/www.crossinvestics.de\/impressum\/#breadcrumb\"},\"inLanguage\":\"en-US\",\"potentialAction\":[{\"@type\":\"ReadAction\",\"target\":[\"https:\/\/www.crossinvestics.de\/impressum\/\"]}]},{\"@type\":\"BreadcrumbList\",\"@id\":\"https:\/\/www.crossinvestics.de\/impressum\/#breadcrumb\",\"itemListElement\":[{\"@type\":\"ListItem\",\"position\":1,\"name\":\"Startseite\",\"item\":\"https:\/\/www.crossinvestics.de\/\"},{\"@type\":\"ListItem\",\"position\":2,\"name\":\"Impressum\"}]},{\"@type\":\"WebSite\",\"@id\":\"https:\/\/www.crossinvestics.de\/#website\",\"url\":\"https:\/\/www.crossinvestics.de\/\",\"name\":\"Crossinvestics\u00ae GmbH\",\"description\":\"\",\"publisher\":{\"@id\":\"https:\/\/www.crossinvestics.de\/#organization\"},\"potentialAction\":[{\"@type\":\"SearchAction\",\"target\":{\"@type\":\"EntryPoint\",\"urlTemplate\":\"https:\/\/www.crossinvestics.de\/?s={search_term_string}\"},\"query-input\":{\"@type\":\"PropertyValueSpecification\",\"valueRequired\":true,\"valueName\":\"search_term_string\"}}],\"inLanguage\":\"en-US\"},{\"@type\":\"Organization\",\"@id\":\"https:\/\/www.crossinvestics.de\/#organization\",\"name\":\"Crossinvestics\u00ae GmbH\",\"url\":\"https:\/\/www.crossinvestics.de\/\",\"logo\":{\"@type\":\"ImageObject\",\"inLanguage\":\"en-US\",\"@id\":\"https:\/\/www.crossinvestics.de\/#\/schema\/logo\/image\/\",\"url\":\"https:\/\/www.crossinvestics.de\/wp-content\/uploads\/2024\/05\/Group-partial-White@3x-noborder-header.png\",\"contentUrl\":\"https:\/\/www.crossinvestics.de\/wp-content\/uploads\/2024\/05\/Group-partial-White@3x-noborder-header.png\",\"width\":250,\"height\":61,\"caption\":\"Crossinvestics\u00ae GmbH\"},\"image\":{\"@id\":\"https:\/\/www.crossinvestics.de\/#\/schema\/logo\/image\/\"}}]}<\/script>\n<!-- \/ Yoast SEO plugin. -->","yoast_head_json":{"title":"Impressum - Crossinvestics\u00ae GmbH","robots":{"index":"index","follow":"follow","max-snippet":"max-snippet:-1","max-image-preview":"max-image-preview:large","max-video-preview":"max-video-preview:-1"},"canonical":"https:\/\/www.crossinvestics.de\/en\/impressum\/","og_locale":"en_US","og_type":"article","og_title":"Impressum - Crossinvestics\u00ae GmbH","og_description":"Impressum Betreiber: Crossinvestics Holding GmbH &amp; Co.KG Prinzessinnenstr. 19\/20 10969 BerlinGermany Gesch\u00e4ftsf\u00fchrung: Petra D\u00f6kelTelefon: +49 (0)30 \u2014 746 895 00E\u2011Mail:\u00a0info@crossinvestics.de Registergericht: Amtsgericht Berlin CharlottenburgRegisternummer: HRA 60171 BUmsatzsteuer-Identifikationsnummer gem. \u00a7 27a UStG: DE352840065 Pers\u00f6nlich haftende Gesellschafterin:Crossinvestics Verwaltungsgesellschaft mbH,Germaniastra\u00dfe 137 12099 Berlin, Amtsgericht Berlin &#8211; Charlottenburg, HRB 240827 B, Gesch\u00e4ftsf\u00fchrer: Petra D\u00f6kel HAFTUNG F\u00dcR INHALTE Die Inhalte [&hellip;]","og_url":"https:\/\/www.crossinvestics.de\/en\/impressum\/","og_site_name":"Crossinvestics\u00ae GmbH","article_modified_time":"2025-03-31T12:27:13+00:00","twitter_card":"summary_large_image","twitter_misc":{"Est. reading time":"3 minutes"},"schema":{"@context":"https:\/\/schema.org","@graph":[{"@type":"WebPage","@id":"https:\/\/www.crossinvestics.de\/impressum\/","url":"https:\/\/www.crossinvestics.de\/impressum\/","name":"Impressum - Crossinvestics\u00ae GmbH","isPartOf":{"@id":"https:\/\/www.crossinvestics.de\/#website"},"datePublished":"2024-04-24T11:40:17+00:00","dateModified":"2025-03-31T12:27:13+00:00","breadcrumb":{"@id":"https:\/\/www.crossinvestics.de\/impressum\/#breadcrumb"},"inLanguage":"en-US","potentialAction":[{"@type":"ReadAction","target":["https:\/\/www.crossinvestics.de\/impressum\/"]}]},{"@type":"BreadcrumbList","@id":"https:\/\/www.crossinvestics.de\/impressum\/#breadcrumb","itemListElement":[{"@type":"ListItem","position":1,"name":"Startseite","item":"https:\/\/www.crossinvestics.de\/"},{"@type":"ListItem","position":2,"name":"Impressum"}]},{"@type":"WebSite","@id":"https:\/\/www.crossinvestics.de\/#website","url":"https:\/\/www.crossinvestics.de\/","name":"Crossinvestics\u00ae GmbH","description":"","publisher":{"@id":"https:\/\/www.crossinvestics.de\/#organization"},"potentialAction":[{"@type":"SearchAction","target":{"@type":"EntryPoint","urlTemplate":"https:\/\/www.crossinvestics.de\/?s={search_term_string}"},"query-input":{"@type":"PropertyValueSpecification","valueRequired":true,"valueName":"search_term_string"}}],"inLanguage":"en-US"},{"@type":"Organization","@id":"https:\/\/www.crossinvestics.de\/#organization","name":"Crossinvestics\u00ae GmbH","url":"https:\/\/www.crossinvestics.de\/","logo":{"@type":"ImageObject","inLanguage":"en-US","@id":"https:\/\/www.crossinvestics.de\/#\/schema\/logo\/image\/","url":"https:\/\/www.crossinvestics.de\/wp-content\/uploads\/2024\/05\/Group-partial-White@3x-noborder-header.png","contentUrl":"https:\/\/www.crossinvestics.de\/wp-content\/uploads\/2024\/05\/Group-partial-White@3x-noborder-header.png","width":250,"height":61,"caption":"Crossinvestics\u00ae GmbH"},"image":{"@id":"https:\/\/www.crossinvestics.de\/#\/schema\/logo\/image\/"}}]}},"_links":{"self":[{"href":"https:\/\/www.crossinvestics.de\/en\/wp-json\/wp\/v2\/pages\/4960","targetHints":{"allow":["GET"]}}],"collection":[{"href":"https:\/\/www.crossinvestics.de\/en\/wp-json\/wp\/v2\/pages"}],"about":[{"href":"https:\/\/www.crossinvestics.de\/en\/wp-json\/wp\/v2\/types\/page"}],"author":[{"embeddable":true,"href":"https:\/\/www.crossinvestics.de\/en\/wp-json\/wp\/v2\/users\/1"}],"replies":[{"embeddable":true,"href":"https:\/\/www.crossinvestics.de\/en\/wp-json\/wp\/v2\/comments?post=4960"}],"version-history":[{"count":13,"href":"https:\/\/www.crossinvestics.de\/en\/wp-json\/wp\/v2\/pages\/4960\/revisions"}],"predecessor-version":[{"id":5576,"href":"https:\/\/www.crossinvestics.de\/en\/wp-json\/wp\/v2\/pages\/4960\/revisions\/5576"}],"wp:attachment":[{"href":"https:\/\/www.crossinvestics.de\/en\/wp-json\/wp\/v2\/media?parent=4960"}],"curies":[{"name":"wp","href":"https:\/\/api.w.org\/{rel}","templated":true}]}}